{"id":4648,"date":"2020-06-19T05:58:55","date_gmt":"2020-06-19T03:58:55","guid":{"rendered":"https:\/\/www.hotel-hotan.fr\/espace-detente\/"},"modified":"2025-01-14T09:32:51","modified_gmt":"2025-01-14T08:32:51","slug":"espace-detente","status":"publish","type":"page","link":"https:\/\/www.hotel-hotan.fr\/es\/espace-detente\/","title":{"rendered":"Zona de relax"},"content":{"rendered":"\t\t<div data-elementor-type=\"wp-page\" data-elementor-id=\"4648\" class=\"elementor elementor-4648 elementor-1928\">\n\t\t\t\t\t\t<section class=\"elementor-section elementor-top-section elementor-element elementor-element-e5422d3 elementor-section-stretched elementor-section-boxed elementor-section-height-default elementor-section-height-default\" data-id=\"e5422d3\" data-element_type=\"section\" data-e-type=\"section\" data-settings=\"{&quot;stretch_section&quot;:&quot;section-stretched&quot;}\">\n\t\t\t\t\t\t<div class=\"elementor-container elementor-column-gap-default\">\n\t\t\t\t\t<div class=\"elementor-column elementor-col-100 elementor-top-column elementor-element elementor-element-041ec33\" data-id=\"041ec33\" data-element_type=\"column\" data-e-type=\"column\">\n\t\t\t<div class=\"elementor-widget-wrap elementor-element-populated\">\n\t\t\t\t\t\t<div class=\"elementor-element elementor-element-85bf30c elementor-widget elementor-widget-slick_single_slider\" data-id=\"85bf30c\" data-element_type=\"widget\" data-e-type=\"widget\" data-widget_type=\"slick_single_slider.default\">\n\t\t\t\t<div class=\"elementor-widget-container\">\n\t\t\t\t\t\t\t\t<ul class=\"slider-single list-unstyled js-slider-single\">\n\t\t\t\t\t\t<li><img decoding=\"async\" src=\"https:\/\/www.hotel-hotan.fr\/wp-content\/uploads\/2024\/09\/salle-hotan.jpg\"><\/li>\n\t\t\t\t\t\t<li><img decoding=\"async\" src=\"https:\/\/www.hotel-hotan.fr\/wp-content\/uploads\/2024\/09\/img-hotan-detente-8.jpg\"><\/li>\n\t\t\t\t\t\t<li><img decoding=\"async\" src=\"https:\/\/www.hotel-hotan.fr\/wp-content\/uploads\/2024\/09\/img-hotan-detente-6.jpg\"><\/li>\n\t\t\t\t\t<\/ul>\n\t\t\n\t\t\n\t\t\t\t\t\t<\/div>\n\t\t\t\t<\/div>\n\t\t\t\t\t<\/div>\n\t\t<\/div>\n\t\t\t\t\t<\/div>\n\t\t<\/section>\n\t\t\t\t<section class=\"elementor-section elementor-top-section elementor-element elementor-element-6b00c3b elementor-section-stretched elementor-section-boxed elementor-section-height-default elementor-section-height-default\" data-id=\"6b00c3b\" data-element_type=\"section\" data-e-type=\"section\" data-settings=\"{&quot;stretch_section&quot;:&quot;section-stretched&quot;,&quot;background_background&quot;:&quot;classic&quot;}\">\n\t\t\t\t\t\t<div class=\"elementor-container elementor-column-gap-no\">\n\t\t\t\t\t<div class=\"elementor-column elementor-col-100 elementor-top-column elementor-element elementor-element-2d50071\" data-id=\"2d50071\" data-element_type=\"column\" data-e-type=\"column\">\n\t\t\t<div class=\"elementor-widget-wrap elementor-element-populated\">\n\t\t\t\t\t\t<section class=\"elementor-section elementor-inner-section elementor-element elementor-element-5e7ec43 elementor-section-full_width elementor-section-height-default elementor-section-height-default\" data-id=\"5e7ec43\" data-element_type=\"section\" data-e-type=\"section\">\n\t\t\t\t\t\t<div class=\"elementor-container elementor-column-gap-default\">\n\t\t\t\t\t<div class=\"elementor-column elementor-col-100 elementor-inner-column elementor-element elementor-element-b9cdcd9\" data-id=\"b9cdcd9\" data-element_type=\"column\" data-e-type=\"column\">\n\t\t\t<div class=\"elementor-widget-wrap elementor-element-populated\">\n\t\t\t\t\t\t<div class=\"elementor-element elementor-element-1e97c3f elementor-widget elementor-widget-bestel_heading\" data-id=\"1e97c3f\" data-element_type=\"widget\" data-e-type=\"widget\" data-widget_type=\"bestel_heading.default\">\n\t\t\t\t<div class=\"elementor-widget-container\">\n\t\t\t\t\t\n\t\t<div class=\"title-wrap text-center\">\n\t\t\t<h2 class=\"h1\">Jacuzzi : un moment de relajaci\u00f3n<\/h2>\t\t\t\t\t\t\t<div class=\"h-decor\"><\/div>\n\t\t<\/div>\n\t\t\t\t\t\t<\/div>\n\t\t\t\t<\/div>\n\t\t\t\t\t<\/div>\n\t\t<\/div>\n\t\t\t\t\t<\/div>\n\t\t<\/section>\n\t\t\t\t<section class=\"elementor-section elementor-inner-section elementor-element elementor-element-93dd186 elementor-section-full_width elementor-section-height-default elementor-section-height-default\" data-id=\"93dd186\" data-element_type=\"section\" data-e-type=\"section\">\n\t\t\t\t\t\t<div class=\"elementor-container elementor-column-gap-default\">\n\t\t\t\t\t<div class=\"elementor-column elementor-col-33 elementor-inner-column elementor-element elementor-element-db68c4a\" data-id=\"db68c4a\" data-element_type=\"column\" data-e-type=\"column\">\n\t\t\t<div class=\"elementor-widget-wrap elementor-element-populated\">\n\t\t\t\t\t\t<div class=\"elementor-element elementor-element-7214167 elementor-widget elementor-widget-image\" data-id=\"7214167\" data-element_type=\"widget\" data-e-type=\"widget\" data-widget_type=\"image.default\">\n\t\t\t\t<div class=\"elementor-widget-container\">\n\t\t\t\t\t\t\t\t\t\t\t\t\t\t\t<img fetchpriority=\"high\" decoding=\"async\" width=\"600\" height=\"400\" src=\"https:\/\/www.hotel-hotan.fr\/wp-content\/uploads\/2024\/09\/detente-min-img.jpg\" class=\"attachment-full size-full wp-image-4498\" alt=\"\" srcset=\"https:\/\/www.hotel-hotan.fr\/wp-content\/uploads\/2024\/09\/detente-min-img.jpg 600w, https:\/\/www.hotel-hotan.fr\/wp-content\/uploads\/2024\/09\/detente-min-img-300x200.jpg 300w, https:\/\/www.hotel-hotan.fr\/wp-content\/uploads\/2024\/09\/detente-min-img-370x247.jpg 370w, https:\/\/www.hotel-hotan.fr\/wp-content\/uploads\/2024\/09\/detente-min-img-359x239.jpg 359w, https:\/\/www.hotel-hotan.fr\/wp-content\/uploads\/2024\/09\/detente-min-img-254x169.jpg 254w, https:\/\/www.hotel-hotan.fr\/wp-content\/uploads\/2024\/09\/detente-min-img-472x315.jpg 472w, https:\/\/www.hotel-hotan.fr\/wp-content\/uploads\/2024\/09\/detente-min-img-570x380.jpg 570w, https:\/\/www.hotel-hotan.fr\/wp-content\/uploads\/2024\/09\/detente-min-img-145x97.jpg 145w\" sizes=\"(max-width: 600px) 100vw, 600px\" \/>\t\t\t\t\t\t\t\t\t\t\t\t\t\t\t<\/div>\n\t\t\t\t<\/div>\n\t\t\t\t\t<\/div>\n\t\t<\/div>\n\t\t\t\t<div class=\"elementor-column elementor-col-66 elementor-inner-column elementor-element elementor-element-3ea86d2\" data-id=\"3ea86d2\" data-element_type=\"column\" data-e-type=\"column\">\n\t\t\t<div class=\"elementor-widget-wrap elementor-element-populated\">\n\t\t\t\t\t\t<div class=\"elementor-element elementor-element-b20097f elementor-widget elementor-widget-text-editor\" data-id=\"b20097f\" data-element_type=\"widget\" data-e-type=\"widget\" data-widget_type=\"text-editor.default\">\n\t\t\t\t<div class=\"elementor-widget-container\">\n\t\t\t\t\t\t\t\t\t<p>Situado en nuestro centro de relajaci\u00f3n<span style=\"font-size: 1rem;\">, el jacuzzi est\u00e1 reservado a nuestros hu\u00e9spedes, lo que garantiza un acceso privado y una experiencia \u00edntima. Un momento perfecto para eliminar el estr\u00e9s y ofrecerte relajaci\u00f3n tras un d\u00eda complicado.<\/span><\/p>\t\t\t\t\t\t\t\t<\/div>\n\t\t\t\t<\/div>\n\t\t\t\t<div class=\"elementor-element elementor-element-59bdefc elementor-widget elementor-widget-text-editor\" data-id=\"59bdefc\" data-element_type=\"widget\" data-e-type=\"widget\" data-widget_type=\"text-editor.default\">\n\t\t\t\t<div class=\"elementor-widget-container\">\n\t\t\t\t\t\t\t\t\t<ul class=\"circle-list\"><li>Reservado para nuestros hu\u00e9spedes a fin de garantizar el acceso privado y una experiencia \u00edntima.<\/li><li>Una atm\u00f3sfera silenciosa propicia a la relajaci\u00f3n.<\/li><li>Entorno tranquilo y confortable, perfecto para relajarse solo o en pareja.<\/li><\/ul>\t\t\t\t\t\t\t\t<\/div>\n\t\t\t\t<\/div>\n\t\t\t\t<div class=\"elementor-element elementor-element-4136c69 elementor-widget elementor-widget-text-editor\" data-id=\"4136c69\" data-element_type=\"widget\" data-e-type=\"widget\" data-widget_type=\"text-editor.default\">\n\t\t\t\t<div class=\"elementor-widget-container\">\n\t\t\t\t\t\t\t\t\t<p>El ambiente silencioso de nuestra zona de bienestar crea una atm\u00f3sfera propicia para la relajaci\u00f3n. Disfruta de un apacible par\u00e9ntesis, solo o en pareja, en un entorno tranquilo y confortable, donde se ha pensado en cada detalle para ofrecerte un momento inolvidable.<\/p>\t\t\t\t\t\t\t\t<\/div>\n\t\t\t\t<\/div>\n\t\t\t\t\t<\/div>\n\t\t<\/div>\n\t\t\t\t\t<\/div>\n\t\t<\/section>\n\t\t\t\t\t<\/div>\n\t\t<\/div>\n\t\t\t\t\t<\/div>\n\t\t<\/section>\n\t\t\t\t<section class=\"elementor-section elementor-top-section elementor-element elementor-element-21a6e4f elementor-section-stretched elementor-section-boxed elementor-section-height-default elementor-section-height-default\" data-id=\"21a6e4f\" data-element_type=\"section\" data-e-type=\"section\" data-settings=\"{&quot;stretch_section&quot;:&quot;section-stretched&quot;,&quot;background_background&quot;:&quot;classic&quot;}\">\n\t\t\t\t\t\t<div class=\"elementor-container elementor-column-gap-no\">\n\t\t\t\t\t<div class=\"elementor-column elementor-col-100 elementor-top-column elementor-element elementor-element-27024b5\" data-id=\"27024b5\" data-element_type=\"column\" data-e-type=\"column\">\n\t\t\t<div class=\"elementor-widget-wrap elementor-element-populated\">\n\t\t\t\t\t\t<section class=\"elementor-section elementor-inner-section elementor-element elementor-element-8837671 elementor-section-full_width elementor-section-height-default elementor-section-height-default\" data-id=\"8837671\" data-element_type=\"section\" data-e-type=\"section\">\n\t\t\t\t\t\t<div class=\"elementor-container elementor-column-gap-default\">\n\t\t\t\t\t<div class=\"elementor-column elementor-col-66 elementor-inner-column elementor-element elementor-element-b5a47a3\" data-id=\"b5a47a3\" data-element_type=\"column\" data-e-type=\"column\">\n\t\t\t<div class=\"elementor-widget-wrap elementor-element-populated\">\n\t\t\t\t\t\t<div class=\"elementor-element elementor-element-f0f2f1c elementor-widget elementor-widget-slick_single_slider\" data-id=\"f0f2f1c\" data-element_type=\"widget\" data-e-type=\"widget\" data-widget_type=\"slick_single_slider.default\">\n\t\t\t\t<div class=\"elementor-widget-container\">\n\t\t\t\t\t\t\t\t<ul class=\"slider-single list-unstyled js-slider-single\">\n\t\t\t\t\t\t<li><img decoding=\"async\" src=\"https:\/\/www.hotel-hotan.fr\/wp-content\/uploads\/2024\/09\/img-hotan-detente-6.jpg\"><\/li>\n\t\t\t\t\t<\/ul>\n\t\t\n\t\t\n\t\t\t\t\t\t<\/div>\n\t\t\t\t<\/div>\n\t\t\t\t\t<\/div>\n\t\t<\/div>\n\t\t\t\t<div class=\"elementor-column elementor-col-33 elementor-inner-column elementor-element elementor-element-f68a759\" data-id=\"f68a759\" data-element_type=\"column\" data-e-type=\"column\">\n\t\t\t<div class=\"elementor-widget-wrap elementor-element-populated\">\n\t\t\t\t\t\t<div class=\"elementor-element elementor-element-a3aa877 elementor-widget elementor-widget-text-editor\" data-id=\"a3aa877\" data-element_type=\"widget\" data-e-type=\"widget\" data-widget_type=\"text-editor.default\">\n\t\t\t\t<div class=\"elementor-widget-container\">\n\t\t\t\t\t\t\t\t\t<h2>Sauna<\/h2><p>Reservada exclusivamente a nuestros hu\u00e9spedes, el sauna del hotel l&#8217;Hotan es un espacio privilegiado donde podr\u00e1s relajarte con toda tranquilidad. Aprovecha este entorno relajante para liberar la presi\u00f3n y calmar tu mente y tu cuerpo. Para una experiencia de bienestar completa, te recomendamos combinar tu sesi\u00f3n de sauna con un momento de relajaci\u00f3n en nuestro jacuzzi.<\/p>\t\t\t\t\t\t\t\t<\/div>\n\t\t\t\t<\/div>\n\t\t\t\t<div class=\"elementor-element elementor-element-0bc2f5e elementor-widget elementor-widget-text-editor\" data-id=\"0bc2f5e\" data-element_type=\"widget\" data-e-type=\"widget\" data-widget_type=\"text-editor.default\">\n\t\t\t\t<div class=\"elementor-widget-container\">\n\t\t\t\t\t\t\t\t\t<ul class=\"circle-list\">\n<li>Reservado exclusivamente para los hu\u00e9spedes del hotel.<\/li>\n<li>Un lugar relajante para descansar y revitalizar cuerpo y mente.<\/li>\n<li>Recomendaci\u00f3n: combina sauna y jacuzzi para una experiencia de bienestar completa.<\/li>\n<\/ul>\n\t\t\t\t\t\t\t\t<\/div>\n\t\t\t\t<\/div>\n\t\t\t\t\t<\/div>\n\t\t<\/div>\n\t\t\t\t\t<\/div>\n\t\t<\/section>\n\t\t\t\t\t<\/div>\n\t\t<\/div>\n\t\t\t\t\t<\/div>\n\t\t<\/section>\n\t\t<div class=\"elementor-element elementor-element-e7be87b e-flex e-con-boxed e-con e-parent\" data-id=\"e7be87b\" data-element_type=\"container\" data-e-type=\"container\">\n\t\t\t\t\t<div class=\"e-con-inner\">\n\t\t\t\t<div class=\"elementor-element elementor-element-7e270a7 elementor-widget elementor-widget-spacer\" data-id=\"7e270a7\" data-element_type=\"widget\" data-e-type=\"widget\" data-widget_type=\"spacer.default\">\n\t\t\t\t<div class=\"elementor-widget-container\">\n\t\t\t\t\t\t\t<div class=\"elementor-spacer\">\n\t\t\t<div class=\"elementor-spacer-inner\"><\/div>\n\t\t<\/div>\n\t\t\t\t\t\t<\/div>\n\t\t\t\t<\/div>\n\t\t\t\t\t<\/div>\n\t\t\t\t<\/div>\n\t\t\t\t<section class=\"elementor-section elementor-top-section elementor-element elementor-element-d1f4000 elementor-section-stretched elementor-section-boxed elementor-section-height-default elementor-section-height-default\" data-id=\"d1f4000\" data-element_type=\"section\" data-e-type=\"section\" data-settings=\"{&quot;stretch_section&quot;:&quot;section-stretched&quot;}\">\n\t\t\t\t\t\t<div class=\"elementor-container elementor-column-gap-no\">\n\t\t\t\t\t<div class=\"elementor-column elementor-col-50 elementor-top-column elementor-element elementor-element-d9d9b0d\" data-id=\"d9d9b0d\" data-element_type=\"column\" data-e-type=\"column\">\n\t\t\t<div class=\"elementor-widget-wrap elementor-element-populated\">\n\t\t\t\t\t\t<section class=\"elementor-section elementor-inner-section elementor-element elementor-element-27e5045 elementor-section-full_width elementor-section-height-default elementor-section-height-default\" data-id=\"27e5045\" data-element_type=\"section\" data-e-type=\"section\">\n\t\t\t\t\t\t<div class=\"elementor-container elementor-column-gap-default\">\n\t\t\t\t\t<div class=\"elementor-column elementor-col-100 elementor-inner-column elementor-element elementor-element-d45012b\" data-id=\"d45012b\" data-element_type=\"column\" data-e-type=\"column\">\n\t\t\t<div class=\"elementor-widget-wrap elementor-element-populated\">\n\t\t\t\t\t\t<div class=\"elementor-element elementor-element-4ef8e2d elementor-widget elementor-widget-spacer\" data-id=\"4ef8e2d\" data-element_type=\"widget\" data-e-type=\"widget\" data-widget_type=\"spacer.default\">\n\t\t\t\t<div class=\"elementor-widget-container\">\n\t\t\t\t\t\t\t<div class=\"elementor-spacer\">\n\t\t\t<div class=\"elementor-spacer-inner\"><\/div>\n\t\t<\/div>\n\t\t\t\t\t\t<\/div>\n\t\t\t\t<\/div>\n\t\t\t\t<div class=\"elementor-element elementor-element-d6ba9db elementor-widget elementor-widget-text-editor\" data-id=\"d6ba9db\" data-element_type=\"widget\" data-e-type=\"widget\" data-widget_type=\"text-editor.default\">\n\t\t\t\t<div class=\"elementor-widget-container\">\n\t\t\t\t\t\t\t\t\t<h3>Gimnasio: mantenerse activo m\u00e1s f\u00e1cil<\/h3><p>Tanto si est\u00e1s en viaje de negocios como de ocio, nuestro hotel ofrece un moderno gimnasio totalmente equipado para satisfacer todas tus necesidades de fitness. Aprovecha nuestra zona de fitness para mantener tu rutina de ejercicios o desconectar despu\u00e9s de un d\u00eda ocupado.<\/p>\t\t\t\t\t\t\t\t<\/div>\n\t\t\t\t<\/div>\n\t\t\t\t<div class=\"elementor-element elementor-element-edebdb0 elementor-widget elementor-widget-text-editor\" data-id=\"edebdb0\" data-element_type=\"widget\" data-e-type=\"widget\" data-widget_type=\"text-editor.default\">\n\t\t\t\t<div class=\"elementor-widget-container\">\n\t\t\t\t\t\t\t\t\t<ul class=\"circle-list\"><li>Gimnasio moderno y totalmente equipado.<\/li><li>Ideal para mantener tu rutina de ejercicios, tanto si viajas por negocios como por placer.<\/li><\/ul>\t\t\t\t\t\t\t\t<\/div>\n\t\t\t\t<\/div>\n\t\t\t\t\t<\/div>\n\t\t<\/div>\n\t\t\t\t\t<\/div>\n\t\t<\/section>\n\t\t\t\t\t<\/div>\n\t\t<\/div>\n\t\t\t\t<div class=\"elementor-column elementor-col-50 elementor-top-column elementor-element elementor-element-c266c7e\" data-id=\"c266c7e\" data-element_type=\"column\" data-e-type=\"column\">\n\t\t\t<div class=\"elementor-widget-wrap elementor-element-populated\">\n\t\t\t\t\t\t<section class=\"elementor-section elementor-inner-section elementor-element elementor-element-d1aa3aa elementor-section-full_width elementor-section-height-default elementor-section-height-default\" data-id=\"d1aa3aa\" data-element_type=\"section\" data-e-type=\"section\">\n\t\t\t\t\t\t<div class=\"elementor-container elementor-column-gap-default\">\n\t\t\t\t\t<div class=\"elementor-column elementor-col-100 elementor-inner-column elementor-element elementor-element-c254046\" data-id=\"c254046\" data-element_type=\"column\" data-e-type=\"column\">\n\t\t\t<div class=\"elementor-widget-wrap elementor-element-populated\">\n\t\t\t\t\t\t<div class=\"elementor-element elementor-element-a651cd1 elementor-widget elementor-widget-image\" data-id=\"a651cd1\" data-element_type=\"widget\" data-e-type=\"widget\" data-widget_type=\"image.default\">\n\t\t\t\t<div class=\"elementor-widget-container\">\n\t\t\t\t\t\t\t\t\t\t\t\t\t\t\t<img decoding=\"async\" width=\"2560\" height=\"1706\" src=\"https:\/\/www.hotel-hotan.fr\/wp-content\/uploads\/2024\/08\/PHOTO-SALLE-FITNESS-scaled.jpg\" class=\"attachment-full size-full wp-image-4436\" alt=\"\" srcset=\"https:\/\/www.hotel-hotan.fr\/wp-content\/uploads\/2024\/08\/PHOTO-SALLE-FITNESS-scaled.jpg 2560w, https:\/\/www.hotel-hotan.fr\/wp-content\/uploads\/2024\/08\/PHOTO-SALLE-FITNESS-300x200.jpg 300w, https:\/\/www.hotel-hotan.fr\/wp-content\/uploads\/2024\/08\/PHOTO-SALLE-FITNESS-1024x683.jpg 1024w, https:\/\/www.hotel-hotan.fr\/wp-content\/uploads\/2024\/08\/PHOTO-SALLE-FITNESS-768x512.jpg 768w, https:\/\/www.hotel-hotan.fr\/wp-content\/uploads\/2024\/08\/PHOTO-SALLE-FITNESS-1536x1024.jpg 1536w, https:\/\/www.hotel-hotan.fr\/wp-content\/uploads\/2024\/08\/PHOTO-SALLE-FITNESS-2048x1365.jpg 2048w, https:\/\/www.hotel-hotan.fr\/wp-content\/uploads\/2024\/08\/PHOTO-SALLE-FITNESS-845x563.jpg 845w, https:\/\/www.hotel-hotan.fr\/wp-content\/uploads\/2024\/08\/PHOTO-SALLE-FITNESS-370x247.jpg 370w, https:\/\/www.hotel-hotan.fr\/wp-content\/uploads\/2024\/08\/PHOTO-SALLE-FITNESS-359x239.jpg 359w, https:\/\/www.hotel-hotan.fr\/wp-content\/uploads\/2024\/08\/PHOTO-SALLE-FITNESS-254x169.jpg 254w, https:\/\/www.hotel-hotan.fr\/wp-content\/uploads\/2024\/08\/PHOTO-SALLE-FITNESS-472x315.jpg 472w, https:\/\/www.hotel-hotan.fr\/wp-content\/uploads\/2024\/08\/PHOTO-SALLE-FITNESS-570x380.jpg 570w, https:\/\/www.hotel-hotan.fr\/wp-content\/uploads\/2024\/08\/PHOTO-SALLE-FITNESS-145x97.jpg 145w, https:\/\/www.hotel-hotan.fr\/wp-content\/uploads\/2024\/08\/PHOTO-SALLE-FITNESS-600x400.jpg 600w\" sizes=\"(max-width: 2560px) 100vw, 2560px\" \/>\t\t\t\t\t\t\t\t\t\t\t\t\t\t\t<\/div>\n\t\t\t\t<\/div>\n\t\t\t\t\t<\/div>\n\t\t<\/div>\n\t\t\t\t\t<\/div>\n\t\t<\/section>\n\t\t\t\t\t<\/div>\n\t\t<\/div>\n\t\t\t\t\t<\/div>\n\t\t<\/section>\n\t\t\t\t<\/div>\n\t\t","protected":false},"excerpt":{"rendered":"<p>Jacuzzi : un moment de relajaci\u00f3n Situado en nuestro centro de relajaci\u00f3n, el jacuzzi est\u00e1 reservado a nuestros hu\u00e9spedes, lo que garantiza un acceso privado y una experiencia \u00edntima. Un momento perfecto para eliminar el estr\u00e9s y ofrecerte relajaci\u00f3n tras un d\u00eda complicado. Reservado para nuestros hu\u00e9spedes a fin de garantizar el acceso privado y<\/p>\n","protected":false},"author":2,"featured_media":0,"parent":0,"menu_order":0,"comment_status":"closed","ping_status":"closed","template":"","meta":{"footnotes":""},"class_list":["post-4648","page","type-page","status-publish","hentry"],"yoast_head":"<!-- This site is optimized with the Yoast SEO plugin v24.3 - https:\/\/yoast.com\/wordpress\/plugins\/seo\/ -->\n<title>H\u00f4tel l&#039;Hotan : Zona Spa &amp; Fitness<\/title>\n<meta name=\"description\" content=\"Situado en las afueras de Toulouse, nuestro hotel dispone de un Spa con Jaccuzzi, Sauna y gimnasio. Para combinar relajaci\u00f3n y bienestar.\" \/>\n<meta name=\"robots\" content=\"index, follow, max-snippet:-1, max-image-preview:large, max-video-preview:-1\" \/>\n<link rel=\"canonical\" href=\"https:\/\/www.hotel-hotan.fr\/es\/espace-detente\/\" \/>\n<meta property=\"og:locale\" content=\"es_ES\" \/>\n<meta property=\"og:type\" content=\"article\" \/>\n<meta property=\"og:title\" content=\"H\u00f4tel l&#039;Hotan : Zona Spa &amp; Fitness\" \/>\n<meta property=\"og:description\" content=\"Situado en las afueras de Toulouse, nuestro hotel dispone de un Spa con Jaccuzzi, Sauna y gimnasio. Para combinar relajaci\u00f3n y bienestar.\" \/>\n<meta property=\"og:url\" content=\"https:\/\/www.hotel-hotan.fr\/es\/espace-detente\/\" \/>\n<meta property=\"og:site_name\" content=\"H\u00f4tel l&#039;Hotan\" \/>\n<meta property=\"article:modified_time\" content=\"2025-01-14T08:32:51+00:00\" \/>\n<meta property=\"og:image\" content=\"http:\/\/www.hotel-hotan.fr\/wp-content\/uploads\/2024\/09\/salle-hotan.jpg\" \/>\n<meta name=\"twitter:card\" content=\"summary_large_image\" \/>\n<meta name=\"twitter:label1\" content=\"Tiempo de lectura\" \/>\n\t<meta name=\"twitter:data1\" content=\"3 minutos\" \/>\n<script type=\"application\/ld+json\" class=\"yoast-schema-graph\">{\"@context\":\"https:\/\/schema.org\",\"@graph\":[{\"@type\":\"WebPage\",\"@id\":\"https:\/\/www.hotel-hotan.fr\/es\/espace-detente\/\",\"url\":\"https:\/\/www.hotel-hotan.fr\/es\/espace-detente\/\",\"name\":\"H\u00f4tel l'Hotan : Zona Spa & Fitness\",\"isPartOf\":{\"@id\":\"https:\/\/www.hotel-hotan.fr\/es\/#website\"},\"primaryImageOfPage\":{\"@id\":\"https:\/\/www.hotel-hotan.fr\/es\/espace-detente\/#primaryimage\"},\"image\":{\"@id\":\"https:\/\/www.hotel-hotan.fr\/es\/espace-detente\/#primaryimage\"},\"thumbnailUrl\":\"http:\/\/www.hotel-hotan.fr\/wp-content\/uploads\/2024\/09\/salle-hotan.jpg\",\"datePublished\":\"2020-06-19T03:58:55+00:00\",\"dateModified\":\"2025-01-14T08:32:51+00:00\",\"description\":\"Situado en las afueras de Toulouse, nuestro hotel dispone de un Spa con Jaccuzzi, Sauna y gimnasio. Para combinar relajaci\u00f3n y bienestar.\",\"breadcrumb\":{\"@id\":\"https:\/\/www.hotel-hotan.fr\/es\/espace-detente\/#breadcrumb\"},\"inLanguage\":\"es\",\"potentialAction\":[{\"@type\":\"ReadAction\",\"target\":[\"https:\/\/www.hotel-hotan.fr\/es\/espace-detente\/\"]}]},{\"@type\":\"ImageObject\",\"inLanguage\":\"es\",\"@id\":\"https:\/\/www.hotel-hotan.fr\/es\/espace-detente\/#primaryimage\",\"url\":\"http:\/\/www.hotel-hotan.fr\/wp-content\/uploads\/2024\/09\/salle-hotan.jpg\",\"contentUrl\":\"http:\/\/www.hotel-hotan.fr\/wp-content\/uploads\/2024\/09\/salle-hotan.jpg\"},{\"@type\":\"BreadcrumbList\",\"@id\":\"https:\/\/www.hotel-hotan.fr\/es\/espace-detente\/#breadcrumb\",\"itemListElement\":[{\"@type\":\"ListItem\",\"position\":1,\"name\":\"Accueil\",\"item\":\"https:\/\/www.hotel-hotan.fr\/es\/\"},{\"@type\":\"ListItem\",\"position\":2,\"name\":\"Zona de relax\"}]},{\"@type\":\"WebSite\",\"@id\":\"https:\/\/www.hotel-hotan.fr\/es\/#website\",\"url\":\"https:\/\/www.hotel-hotan.fr\/es\/\",\"name\":\"H\u00f4tel l&#039;Hotan\",\"description\":\"\",\"potentialAction\":[{\"@type\":\"SearchAction\",\"target\":{\"@type\":\"EntryPoint\",\"urlTemplate\":\"https:\/\/www.hotel-hotan.fr\/es\/?s={search_term_string}\"},\"query-input\":{\"@type\":\"PropertyValueSpecification\",\"valueRequired\":true,\"valueName\":\"search_term_string\"}}],\"inLanguage\":\"es\"}]}<\/script>\n<!-- \/ Yoast SEO plugin. -->","yoast_head_json":{"title":"H\u00f4tel l'Hotan : Zona Spa & Fitness","description":"Situado en las afueras de Toulouse, nuestro hotel dispone de un Spa con Jaccuzzi, Sauna y gimnasio. Para combinar relajaci\u00f3n y bienestar.","robots":{"index":"index","follow":"follow","max-snippet":"max-snippet:-1","max-image-preview":"max-image-preview:large","max-video-preview":"max-video-preview:-1"},"canonical":"https:\/\/www.hotel-hotan.fr\/es\/espace-detente\/","og_locale":"es_ES","og_type":"article","og_title":"H\u00f4tel l'Hotan : Zona Spa & Fitness","og_description":"Situado en las afueras de Toulouse, nuestro hotel dispone de un Spa con Jaccuzzi, Sauna y gimnasio. Para combinar relajaci\u00f3n y bienestar.","og_url":"https:\/\/www.hotel-hotan.fr\/es\/espace-detente\/","og_site_name":"H\u00f4tel l&#039;Hotan","article_modified_time":"2025-01-14T08:32:51+00:00","og_image":[{"url":"http:\/\/www.hotel-hotan.fr\/wp-content\/uploads\/2024\/09\/salle-hotan.jpg","type":"","width":"","height":""}],"twitter_card":"summary_large_image","twitter_misc":{"Tiempo de lectura":"3 minutos"},"schema":{"@context":"https:\/\/schema.org","@graph":[{"@type":"WebPage","@id":"https:\/\/www.hotel-hotan.fr\/es\/espace-detente\/","url":"https:\/\/www.hotel-hotan.fr\/es\/espace-detente\/","name":"H\u00f4tel l'Hotan : Zona Spa & Fitness","isPartOf":{"@id":"https:\/\/www.hotel-hotan.fr\/es\/#website"},"primaryImageOfPage":{"@id":"https:\/\/www.hotel-hotan.fr\/es\/espace-detente\/#primaryimage"},"image":{"@id":"https:\/\/www.hotel-hotan.fr\/es\/espace-detente\/#primaryimage"},"thumbnailUrl":"http:\/\/www.hotel-hotan.fr\/wp-content\/uploads\/2024\/09\/salle-hotan.jpg","datePublished":"2020-06-19T03:58:55+00:00","dateModified":"2025-01-14T08:32:51+00:00","description":"Situado en las afueras de Toulouse, nuestro hotel dispone de un Spa con Jaccuzzi, Sauna y gimnasio. Para combinar relajaci\u00f3n y bienestar.","breadcrumb":{"@id":"https:\/\/www.hotel-hotan.fr\/es\/espace-detente\/#breadcrumb"},"inLanguage":"es","potentialAction":[{"@type":"ReadAction","target":["https:\/\/www.hotel-hotan.fr\/es\/espace-detente\/"]}]},{"@type":"ImageObject","inLanguage":"es","@id":"https:\/\/www.hotel-hotan.fr\/es\/espace-detente\/#primaryimage","url":"http:\/\/www.hotel-hotan.fr\/wp-content\/uploads\/2024\/09\/salle-hotan.jpg","contentUrl":"http:\/\/www.hotel-hotan.fr\/wp-content\/uploads\/2024\/09\/salle-hotan.jpg"},{"@type":"BreadcrumbList","@id":"https:\/\/www.hotel-hotan.fr\/es\/espace-detente\/#breadcrumb","itemListElement":[{"@type":"ListItem","position":1,"name":"Accueil","item":"https:\/\/www.hotel-hotan.fr\/es\/"},{"@type":"ListItem","position":2,"name":"Zona de relax"}]},{"@type":"WebSite","@id":"https:\/\/www.hotel-hotan.fr\/es\/#website","url":"https:\/\/www.hotel-hotan.fr\/es\/","name":"H\u00f4tel l&#039;Hotan","description":"","potentialAction":[{"@type":"SearchAction","target":{"@type":"EntryPoint","urlTemplate":"https:\/\/www.hotel-hotan.fr\/es\/?s={search_term_string}"},"query-input":{"@type":"PropertyValueSpecification","valueRequired":true,"valueName":"search_term_string"}}],"inLanguage":"es"}]}},"_links":{"self":[{"href":"https:\/\/www.hotel-hotan.fr\/es\/wp-json\/wp\/v2\/pages\/4648","targetHints":{"allow":["GET"]}}],"collection":[{"href":"https:\/\/www.hotel-hotan.fr\/es\/wp-json\/wp\/v2\/pages"}],"about":[{"href":"https:\/\/www.hotel-hotan.fr\/es\/wp-json\/wp\/v2\/types\/page"}],"author":[{"embeddable":true,"href":"https:\/\/www.hotel-hotan.fr\/es\/wp-json\/wp\/v2\/users\/2"}],"replies":[{"embeddable":true,"href":"https:\/\/www.hotel-hotan.fr\/es\/wp-json\/wp\/v2\/comments?post=4648"}],"version-history":[{"count":8,"href":"https:\/\/www.hotel-hotan.fr\/es\/wp-json\/wp\/v2\/pages\/4648\/revisions"}],"predecessor-version":[{"id":4932,"href":"https:\/\/www.hotel-hotan.fr\/es\/wp-json\/wp\/v2\/pages\/4648\/revisions\/4932"}],"wp:attachment":[{"href":"https:\/\/www.hotel-hotan.fr\/es\/wp-json\/wp\/v2\/media?parent=4648"}],"curies":[{"name":"wp","href":"https:\/\/api.w.org\/{rel}","templated":true}]}}